{"id":2093,"date":"2020-01-27T18:05:37","date_gmt":"2020-01-27T18:05:37","guid":{"rendered":"https:\/\/test.adinex.be\/?page_id=2093"},"modified":"2020-05-17T08:42:27","modified_gmt":"2020-05-17T08:42:27","slug":"elektrische-resistiviteit","status":"publish","type":"page","link":"https:\/\/www.adinex.be\/fr\/stofexplosies\/elektrische-resistiviteit\/","title":{"rendered":"R\u00e9sistivit\u00e9 \u00e9lectrique"},"content":{"rendered":"<div class=\"vc_row wpb_row vc_row-fluid\"><div class=\"wpb_column vc_column_container vc_col-sm-12\"><div class=\"vc_column-inner\"><div class=\"wpb_wrapper\"><div class=\"vc_empty_space\"   style=\"height: 30px\"><span class=\"vc_empty_space_inner\"><\/span><\/div>\n\t<div class=\"wpb_text_column wpb_content_element \" >\n\t\t<div class=\"wpb_wrapper\">\n\t\t\t<blockquote>\n<p style=\"text-align: justify;\">Om de kans op elektrostatische ontladingen in een installatie te bepalen is het vaak nodig de resistiviteit van het poeder dat in de installatie wordt gebruikt te kennen. Een meettoestel voor de meting van de geleidbaarheid van poeders in overeenstemming met het ontwerp van de norm IEC 61241-2.2 is beschikbaar.<\/p>\n<\/blockquote>\n\n\t\t<\/div>\n\t<\/div>\n<div class=\"vc_empty_space\"   style=\"height: 30px\"><span class=\"vc_empty_space_inner\"><\/span><\/div><span class=\"label label-default\" style=&quot;no&quot;>Belang<\/span><div class=\"vc_empty_space\"   style=\"height: 30px\"><span class=\"vc_empty_space_inner\"><\/span><\/div>\n\t<div class=\"wpb_text_column wpb_content_element \" >\n\t\t<div class=\"wpb_wrapper\">\n\t\t\t<p style=\"text-align: justify;\">De kennis van de elektrische resistiviteit van poeders in de context van procesveiligheid is om twee redenen belangrijk. Aan de ene kant stijgt de kans op de accumulatie van gevaarlijke elektrostatische ladingen en spanningen in een industrieel proces met toenemende elektrische resistiviteit van het stof. Aan de andere kant, neemt de waarschijnlijkheid dat stof dat binnendringt in elektrische en elektronische apparatuur aanleiding geeft tot kortsluitingen en storingen toe, naarmate de resistiviteit daalt. Deze beide situaties kunnen leiden tot de vorming van ontstekingsbronnen.<\/p>\n\n\t\t<\/div>\n\t<\/div>\n<div class=\"vc_empty_space\"   style=\"height: 30px\"><span class=\"vc_empty_space_inner\"><\/span><\/div><\/div><\/div><\/div><\/div><div class=\"vc_row wpb_row vc_row-fluid\"><div class=\"wpb_column vc_column_container vc_col-sm-6\"><div class=\"vc_column-inner\"><div class=\"wpb_wrapper\"><span class=\"label label-default\" style=&quot;no&quot;>Testopstelling &amp; -procedure<\/span><div class=\"vc_empty_space\"   style=\"height: 30px\"><span class=\"vc_empty_space_inner\"><\/span><\/div>\n\t<div class=\"wpb_text_column wpb_content_element \" >\n\t\t<div class=\"wpb_wrapper\">\n\t\t\t<p style=\"text-align: justify;\">De testcel bestaat uit twee metalen elektroden die rusten op een niet-geleidende plaat. Het poedermonster vult de spleet (lengte 100 mm, hoogte 10 mm, breedte 10 mm) tussen de elektroden. De weerstand van het poedermonster wordt gemeten voor een aantal verschillende spanningen aangelegd over de spleet. De resistiviteit van het poeder wordt berekend uitgaande van deze gemeten weerstand.<\/p>\n<p style=\"text-align: justify;\">Een poeder wordt beschouwd geleidend te zijn, en bijgevolg in staat om elektrische of elektronische apparatuur kort te sluiten wanneer aanwezig in deze apparatuur, indien de resistiviteit lager is dan 10\u00b3 \u03a9m.<\/p>\n<p style=\"text-align: justify;\">Poeders kunnen aanleiding geven tot elektrostatische ontladingen, indien de resistiviteit hoger is dan 10<sup>10<\/sup> \u00a0\u03a9m.<\/p>\n\n\t\t<\/div>\n\t<\/div>\n<\/div><\/div><\/div><div class=\"wpb_column vc_column_container vc_col-sm-6\"><div class=\"vc_column-inner\"><div class=\"wpb_wrapper\"><div class=\"vc_empty_space\"   style=\"height: 30px\"><span class=\"vc_empty_space_inner\"><\/span><\/div><div class=\"vc_row wpb_row vc_inner vc_row-fluid\"><div class=\"wpb_column vc_column_container vc_col-sm-12\"><div class=\"vc_column-inner\"><div class=\"wpb_wrapper\">\n\t<div  class=\"wpb_single_image wpb_content_element vc_align_left\">\n\t\t\n\t\t<figure class=\"wpb_wrapper vc_figure\">\n\t\t\t<a class=\" hover-effect\" data-lightbox=\"lightbox[rel-2093-4173871869]\" href=\"https:\/\/www.adinex.be\/wp-content\/uploads\/2020\/01\/1267096997893382927__elektrische_resitiviteit.jpg\" target=\"_self\" class=\"vc_single_image-wrapper   vc_box_border_grey\"><img loading=\"lazy\" decoding=\"async\" width=\"447\" height=\"438\" src=\"https:\/\/www.adinex.be\/wp-content\/uploads\/2020\/01\/1267096997893382927__elektrische_resitiviteit.jpg\" class=\"vc_single_image-img attachment-full\" alt=\"\" srcset=\"https:\/\/www.adinex.be\/wp-content\/uploads\/2020\/01\/1267096997893382927__elektrische_resitiviteit.jpg 447w, https:\/\/www.adinex.be\/wp-content\/uploads\/2020\/01\/1267096997893382927__elektrische_resitiviteit-300x294.jpg 300w\" sizes=\"auto, (max-width: 447px) 100vw, 447px\" \/><\/a>\n\t\t<\/figure>\n\t<\/div>\n<\/div><\/div><\/div><\/div><\/div><\/div><\/div><\/div><div class=\"vc_row wpb_row vc_row-fluid\"><div class=\"wpb_column vc_column_container vc_col-sm-12\"><div class=\"vc_column-inner\"><div class=\"wpb_wrapper\"><div class=\"vc_empty_space\"   style=\"height: 30px\"><span class=\"vc_empty_space_inner\"><\/span><\/div><span class=\"label label-default\" style=&quot;no&quot;>Bibliografie<\/span><div class=\"vc_empty_space\"   style=\"height: 30px\"><span class=\"vc_empty_space_inner\"><\/span><\/div>\n\t<div class=\"wpb_text_column wpb_content_element \" >\n\t\t<div class=\"wpb_wrapper\">\n\t\t\t<ul>\n<li>IEC 61241-2.2: Electrical apparatus for use in the presence of combustible dust, section 2: Method for determining the electrical resistivity of dust in layers.<\/li>\n<li>EN ISO\/IEC 80079-20-2:2016: Explosive atmospheres Part 20-2: Material characteristics &#8211; Combustible dusts test methods, Section 8.4<\/li>\n<li>Entwurf DIN VDE 0170\/0171 Teil 1502: Elektrische Betriebsmittel zur Verwendung in Bereichen mit brennbarem Staub &#8211; Teil 2: Untersuchungs-methoden &#8211; Hauptabschnitt 2: Methode zur Bestimmung des elektrischen Widerstandes von Staubsch\u00fcttungen<\/li>\n<li>R.K. Eckhoff, Dust explosions in the process industries (1997)<\/li>\n<\/ul>\n\n\t\t<\/div>\n\t<\/div>\n<div class=\"vc_empty_space\"   style=\"height: 30px\"><span class=\"vc_empty_space_inner\"><\/span><\/div><\/div><\/div><\/div><\/div>\n","protected":false},"excerpt":{"rendered":"Om de kans op elektrostatische ontladingen in een installatie te bepalen is het vaak nodig [...]","protected":false},"author":1,"featured_media":0,"parent":2099,"menu_order":0,"comment_status":"closed","ping_status":"closed","template":"","meta":{"footnotes":""},"class_list":["post-2093","page","type-page","status-publish","hentry"],"_links":{"self":[{"href":"https:\/\/www.adinex.be\/fr\/wp-json\/wp\/v2\/pages\/2093","targetHints":{"allow":["GET"]}}],"collection":[{"href":"https:\/\/www.adinex.be\/fr\/wp-json\/wp\/v2\/pages"}],"about":[{"href":"https:\/\/www.adinex.be\/fr\/wp-json\/wp\/v2\/types\/page"}],"author":[{"embeddable":true,"href":"https:\/\/www.adinex.be\/fr\/wp-json\/wp\/v2\/users\/1"}],"replies":[{"embeddable":true,"href":"https:\/\/www.adinex.be\/fr\/wp-json\/wp\/v2\/comments?post=2093"}],"version-history":[{"count":5,"href":"https:\/\/www.adinex.be\/fr\/wp-json\/wp\/v2\/pages\/2093\/revisions"}],"predecessor-version":[{"id":2200,"href":"https:\/\/www.adinex.be\/fr\/wp-json\/wp\/v2\/pages\/2093\/revisions\/2200"}],"up":[{"embeddable":true,"href":"https:\/\/www.adinex.be\/fr\/wp-json\/wp\/v2\/pages\/2099"}],"wp:attachment":[{"href":"https:\/\/www.adinex.be\/fr\/wp-json\/wp\/v2\/media?parent=2093"}],"curies":[{"name":"wp","href":"https:\/\/api.w.org\/{rel}","templated":true}]}}