{"id":1982,"date":"2020-01-23T15:45:52","date_gmt":"2020-01-23T15:45:52","guid":{"rendered":"https:\/\/test.adinex.be\/?page_id=1982"},"modified":"2020-01-28T17:18:56","modified_gmt":"2020-01-28T17:18:56","slug":"consulting","status":"publish","type":"page","link":"https:\/\/www.adinex.be\/fr\/consulting\/","title":{"rendered":"Conseil"},"content":{"rendered":"<div class=\"vc_row wpb_row vc_row-fluid\"><div class=\"wpb_column vc_column_container vc_col-sm-12\"><div class=\"vc_column-inner\"><div class=\"wpb_wrapper\"><span class=\"label label-default\" style=\"&quot;no&quot;\">Conseil<\/span><div class=\"vc_empty_space\"   style=\"height: 30px\"><span class=\"vc_empty_space_inner\"><\/span><\/div>\n\t<div class=\"wpb_text_column wpb_content_element\" >\n\t\t<div class=\"wpb_wrapper\">\n\t\t\t<p style=\"text-align: justify;\">En tant que soci\u00e9t\u00e9 de conseil ind\u00e9pendant, c\u2019est notre devoir de vous guider dans votre probl\u00e9matique de s\u00e9curit\u00e9 d\u2019explosions. Cet accompagnement est constitu\u00e9 de plusieurs \u00e9tapes : l\u2019analyse des risques d\u2019explosion, la proposition de solutions et l\u2019avis sur la cr\u00e9ation des fiches de s\u00e9curit\u00e9. Tout cela m\u00e8ne \u00e0 une approche efficace du risque d\u2019explosion.<\/p>\n<p style=\"text-align: justify;\">Nos ann\u00e9es d\u2019expertise dans le domaine d\u2019explosions de poussi\u00e8res et de gaz, au niveau scientifique ainsi que pratique, nous permet de proposer des solutions efficaces \u00e0 chaque probl\u00e8me.<\/p>\n<p style=\"text-align: justify;\">Nos clients satisfaits viennent de tous les secteurs industriels ; l\u2019industrie processus (chimie, pharmacie, aliments, \u00e9nergie, r\u00e9cup\u00e9ration, etc. ...), services publiques, ...<\/p>\n\n\t\t<\/div>\n\t<\/div>\n<div class=\"vc_empty_space\"   style=\"height: 50px\"><span class=\"vc_empty_space_inner\"><\/span><\/div><\/div><\/div><\/div><\/div>","protected":false},"excerpt":{"rendered":"Consulting Als onafhankelijk adviesbureau is het onze taak om jullie te begeleiden bij jullie vragen [...]","protected":false},"author":1,"featured_media":0,"parent":0,"menu_order":0,"comment_status":"closed","ping_status":"closed","template":"","meta":{"footnotes":""},"class_list":["post-1982","page","type-page","status-publish","hentry"],"_links":{"self":[{"href":"https:\/\/www.adinex.be\/fr\/wp-json\/wp\/v2\/pages\/1982","targetHints":{"allow":["GET"]}}],"collection":[{"href":"https:\/\/www.adinex.be\/fr\/wp-json\/wp\/v2\/pages"}],"about":[{"href":"https:\/\/www.adinex.be\/fr\/wp-json\/wp\/v2\/types\/page"}],"author":[{"embeddable":true,"href":"https:\/\/www.adinex.be\/fr\/wp-json\/wp\/v2\/users\/1"}],"replies":[{"embeddable":true,"href":"https:\/\/www.adinex.be\/fr\/wp-json\/wp\/v2\/comments?post=1982"}],"version-history":[{"count":1,"href":"https:\/\/www.adinex.be\/fr\/wp-json\/wp\/v2\/pages\/1982\/revisions"}],"predecessor-version":[{"id":1983,"href":"https:\/\/www.adinex.be\/fr\/wp-json\/wp\/v2\/pages\/1982\/revisions\/1983"}],"wp:attachment":[{"href":"https:\/\/www.adinex.be\/fr\/wp-json\/wp\/v2\/media?parent=1982"}],"curies":[{"name":"wp","href":"https:\/\/api.w.org\/{rel}","templated":true}]}}